{"id":509,"date":"2024-03-04T08:44:22","date_gmt":"2024-03-03T19:44:22","guid":{"rendered":"http:\/\/sefa.co.nz\/?page_id=509"},"modified":"2024-09-16T08:23:28","modified_gmt":"2024-09-15T20:23:28","slug":"509-2","status":"publish","type":"page","link":"https:\/\/sefa.co.nz\/?page_id=509&lang=es","title":{"rendered":"Reg\u00edstrese para descargas"},"content":{"rendered":"<p>Las descargas de SEFA requieren que registre su nombre de usuario, contrase\u00f1a y direcci\u00f3n de correo electr\u00f3nico.<\/p>\n<p>Una licencia de un solo usuario costar\u00e1 $NZ395.00 y una licencia de equipo (m\u00faltiple) costar\u00e1 $NZ790.00.<br \/>\nUna vez que se haya registrado para una licencia, ser\u00e1 redirigido a una p\u00e1gina de pago.<br \/>\nDespu\u00e9s de completar el pago, puede ir a la p\u00e1gina de descarga de SEFA.<br \/>\n<a href=\"http:\/\/sefa.co.nz\/?page_id=500\">Reg\u00edstrese para su licencia<\/a><\/p>\n<p>Las descargas en las p\u00e1ginas de TimeTrends y Bioenergetics son gratuitas.<\/p>\n","protected":false},"excerpt":{"rendered":"<p>Las descargas de SEFA requieren que registre su nombre de usuario, contrase\u00f1a y direcci\u00f3n de correo electr\u00f3nico. Una licencia de un solo usuario costar\u00e1 $NZ395.00 y una licencia de equipo (m\u00faltiple) costar\u00e1 $NZ790.00. Una vez que se haya registrado para &hellip; <a href=\"https:\/\/sefa.co.nz\/?page_id=509&#038;lang=es\">Continue reading <span class=\"meta-nav\">&rarr;<\/span><\/a><\/p>\n","protected":false},"author":1,"featured_media":0,"parent":0,"menu_order":0,"comment_status":"closed","ping_status":"closed","template":"showcase.php","meta":{"footnotes":""},"_links":{"self":[{"href":"https:\/\/sefa.co.nz\/index.php?rest_route=\/wp\/v2\/pages\/509"}],"collection":[{"href":"https:\/\/sefa.co.nz\/index.php?rest_route=\/wp\/v2\/pages"}],"about":[{"href":"https:\/\/sefa.co.nz\/index.php?rest_route=\/wp\/v2\/types\/page"}],"author":[{"embeddable":true,"href":"https:\/\/sefa.co.nz\/index.php?rest_route=\/wp\/v2\/users\/1"}],"replies":[{"embeddable":true,"href":"https:\/\/sefa.co.nz\/index.php?rest_route=%2Fwp%2Fv2%2Fcomments&post=509"}],"version-history":[{"count":6,"href":"https:\/\/sefa.co.nz\/index.php?rest_route=\/wp\/v2\/pages\/509\/revisions"}],"predecessor-version":[{"id":623,"href":"https:\/\/sefa.co.nz\/index.php?rest_route=\/wp\/v2\/pages\/509\/revisions\/623"}],"wp:attachment":[{"href":"https:\/\/sefa.co.nz\/index.php?rest_route=%2Fwp%2Fv2%2Fmedia&parent=509"}],"curies":[{"name":"wp","href":"https:\/\/api.w.org\/{rel}","templated":true}]}}