{"id":534,"date":"2024-03-04T09:19:39","date_gmt":"2024-03-03T20:19:39","guid":{"rendered":"http:\/\/sefa.co.nz\/?page_id=534"},"modified":"2024-03-04T09:21:38","modified_gmt":"2024-03-03T20:21:38","slug":"adcp-a-rhbx","status":"publish","type":"page","link":"http:\/\/sefa.co.nz\/?page_id=534&lang=es","title":{"rendered":"ADCP a RHBX"},"content":{"rendered":"<p>ADCP2RHBX es un programa que convierte archivos ascii ADCP de Teledyne o archivos EXCEL de SonTek RiverSurveyor Live en un archivo EXCEL adecuado para importar a SEFA.<\/p>\n<p>El programa calcula velocidades medias y profundidades a intervalos a lo largo de la secci\u00f3n con distancias corregidas para el curso del ADCP. Debido a que el ADCP no mide profundidades ni la configuraci\u00f3n de los bancos, puede ser necesario editar m\u00e1s el archivo producido por ADCP2RHBX.<\/p>\n<div class=\"su-button-center\"><a href=\"https:\/\/www.dropbox.com\/s\/ub9hiva649quwmk\/ADCP2RHBX64_2.0_setup.exe?dl=1\" class=\"su-button su-button-style-default su-button-wide\" style=\"color:#FFFFFF;background-color:#2D89EF;border-color:#246ec0;border-radius:12px;-moz-border-radius:12px;-webkit-border-radius:12px\" target=\"_self\"><span style=\"color:#FFFFFF;padding:0px 30px;font-size:22px;line-height:44px;border-color:#6cadf4;border-radius:12px;-moz-border-radius:12px;-webkit-border-radius:12px;text-shadow:none;-moz-text-shadow:none;-webkit-text-shadow:none\"> Download ADCP2RHBX program and manual (4.1 Mb)<\/span><\/a><\/div>\n<p>&nbsp;<\/p>\n","protected":false},"excerpt":{"rendered":"<p>ADCP2RHBX es un programa que convierte archivos ascii ADCP de Teledyne o archivos EXCEL de SonTek RiverSurveyor Live en un archivo EXCEL adecuado para importar a SEFA. El programa calcula velocidades medias y profundidades a intervalos a lo largo de &hellip; <a href=\"http:\/\/sefa.co.nz\/?page_id=534&#038;lang=es\">Continue reading <span class=\"meta-nav\">&rarr;<\/span><\/a><\/p>\n","protected":false},"author":1,"featured_media":0,"parent":0,"menu_order":0,"comment_status":"closed","ping_status":"closed","template":"","meta":{"footnotes":""},"_links":{"self":[{"href":"http:\/\/sefa.co.nz\/index.php?rest_route=\/wp\/v2\/pages\/534"}],"collection":[{"href":"http:\/\/sefa.co.nz\/index.php?rest_route=\/wp\/v2\/pages"}],"about":[{"href":"http:\/\/sefa.co.nz\/index.php?rest_route=\/wp\/v2\/types\/page"}],"author":[{"embeddable":true,"href":"http:\/\/sefa.co.nz\/index.php?rest_route=\/wp\/v2\/users\/1"}],"replies":[{"embeddable":true,"href":"http:\/\/sefa.co.nz\/index.php?rest_route=%2Fwp%2Fv2%2Fcomments&post=534"}],"version-history":[{"count":3,"href":"http:\/\/sefa.co.nz\/index.php?rest_route=\/wp\/v2\/pages\/534\/revisions"}],"predecessor-version":[{"id":538,"href":"http:\/\/sefa.co.nz\/index.php?rest_route=\/wp\/v2\/pages\/534\/revisions\/538"}],"wp:attachment":[{"href":"http:\/\/sefa.co.nz\/index.php?rest_route=%2Fwp%2Fv2%2Fmedia&parent=534"}],"curies":[{"name":"wp","href":"https:\/\/api.w.org\/{rel}","templated":true}]}}