{"id":480,"date":"2024-03-03T17:23:02","date_gmt":"2024-03-03T04:23:02","guid":{"rendered":"http:\/\/sefa.co.nz\/?page_id=480"},"modified":"2026-04-19T14:20:18","modified_gmt":"2026-04-19T02:20:18","slug":"espanol","status":"publish","type":"page","link":"http:\/\/sefa.co.nz\/?page_id=480&lang=es","title":{"rendered":""},"content":{"rendered":"\r\n<p>Varios cambios tecnol\u00f3gicos y generacionales recientes han llevado a la necesidad de aplicar mejores enfoques para la modelaci\u00f3n de h\u00e1bitats fluviales y estimaci\u00f3n de caudales ambientales o ecol\u00f3gicos con un enfoque m\u00e1s integral.<\/p>\r\n<p>La Metodolog\u00eda Incremental de Caudales Ambientales (Instream Flow Incremental Methodology, IFIM) describi\u00f3 un marco metodol\u00f3gico de evaluaci\u00f3n de impactos en proyectos relacionados con el agua, pero no cre\u00f3 el software integral que permitir\u00eda una implementaci\u00f3n completa de ese marco.<\/p>\r\n<p><strong>SEFA, Sistema de An\u00e1lisis de Caudales Ambientales<\/strong>, es un software que implementa los fundamentos de IFIM. SEFA ha sido creado a trav\u00e9s de una colaboraci\u00f3n de los principales creadores de las principales versiones del software de simulaci\u00f3n de h\u00e1bitat f\u00edsico existente. Bob Milhous (PHABSIM), Ian Jowett (RHYHABSIM) y Tom Payne (RHABSIM) han contribuido con su considerable experiencia adquirida a trav\u00e9s del desarrollo y uso de estos programas. En un \u00fanico programa compatible con Windows 7 y Windows 11 de 32 bits y 64 bits actualmente disponible para su compra en este sitio, SEFA contiene an\u00e1lisis unidimensional de la hidr\u00e1ulica del h\u00e1bitat, modelado bioenerg\u00e9tico, desarrollo de criterios de idoneidad del h\u00e1bitat, modelado de la temperatura del agua, an\u00e1lisis del transporte de sedimentos, modelado de ox\u00edgeno disuelto, modelado de las riberas y an\u00e1lisis de series temporales hidrol\u00f3gicas y de h\u00e1bitat. Tambi\u00e9n hay un programa (<a href=\"http:\/\/sefa.co.nz\/?page_id=534\">ADCP2RHBX<\/a>) para ayudar a convertir datos ADCP en un formato adecuado para ingresar a SEFA.<\/p>\r\n<p>SEFA tiene la capacidad de aplicar modelos de h\u00e1bitat multivariantes, as\u00ed como los criterios o modelos m\u00e1s habituales de idoneidad del h\u00e1bitat. El software para el desarrollo de estos modelos, as\u00ed como otras funciones de an\u00e1lisis estad\u00edstico, est\u00e1 disponible de forma gratuita. Una estructura de apoyo t\u00e9cnico y educativo sin fines de lucro garantizar\u00e1 la continuidad en el futuro de la ciencia fundamental para la evaluaci\u00f3n de caudales ambientales o ecol\u00f3gicos y para su protecci\u00f3n.<\/p>\r\n<p><!--Ver m\u00e1s--><\/p>\r\n<p><a href=\"http:\/\/sefa.co.nz\/?page_id=527\">Ver m\u00e1s..<\/a><\/p>\r\n<h1><div class='w3eden'><!-- WPDM Link Template: Default Template -->\n\n<div class=\"link-template-default card mb-2\">\n    <div class=\"card-body\">\n        <div class=\"media\">\n            <div class=\"mr-3 img-48\"><img decoding=\"async\" class=\"wpdm_icon\" alt=\"Icon\"   src=\"https:\/\/cdn0.iconfinder.com\/data\/icons\/fatcow\/32x32\/file_extension_pdf.png\" \/><\/div>\n            <div class=\"media-body\">\n                <h3 class=\"package-title\"><a href='http:\/\/sefa.co.nz\/?wpdmpro=sefa-manual'>SEFA version 1 manual<\/a><\/h3>\n                <div class=\"text-muted text-small\"><i class=\"fas fa-copy\"><\/i> 1 file(s) <i class=\"fas fa-hdd ml-3\"><\/i> 2.22 MB<\/div>\n            <\/div>\n            <div class=\"ml-3\">\n                <a class='wpdm-download-link download-on-click btn btn-primary ' rel='nofollow' href='#' data-downloadurl=\"http:\/\/sefa.co.nz\/?wpdmpro=sefa-manual&wpdmdl=102&refresh=69f8b5614caf41777907041\">Download<\/a>\n            <\/div>\n        <\/div>\n    <\/div>\n<\/div>\n\n<\/div><\/h1>\r\n<div class='w3eden'><!-- WPDM Link Template: Default Template -->\n\n<div class=\"link-template-default card mb-2\">\n    <div class=\"card-body\">\n        <div class=\"media\">\n            <div class=\"mr-3 img-48\"><img decoding=\"async\" class=\"wpdm_icon\" alt=\"Icon\"   src=\"http:\/\/sefa.co.nz\/wp-content\/plugins\/download-manager\/assets\/file-type-icons\/pdf.svg\" \/><\/div>\n            <div class=\"media-body\">\n                <h3 class=\"package-title\"><a href='http:\/\/sefa.co.nz\/?wpdmpro=sefa-version-2-manual'>SEFA version 2 manual<\/a><\/h3>\n                <div class=\"text-muted text-small\"><i class=\"fas fa-copy\"><\/i> 1 file(s) <i class=\"fas fa-hdd ml-3\"><\/i> 3.30 MB<\/div>\n            <\/div>\n            <div class=\"ml-3\">\n                <a class='wpdm-download-link download-on-click btn btn-primary ' rel='nofollow' href='#' data-downloadurl=\"http:\/\/sefa.co.nz\/?wpdmpro=sefa-version-2-manual&wpdmdl=614&refresh=69f8b561511831777907041\">Download<\/a>\n            <\/div>\n        <\/div>\n    <\/div>\n<\/div>\n\n<\/div>\r\n\r\n<div class='w3eden'><!-- WPDM Link Template: Default Template -->\n\n<div class=\"link-template-default card mb-2\">\n    <div class=\"card-body\">\n        <div class=\"media\">\n            <div class=\"mr-3 img-48\"><img decoding=\"async\" class=\"wpdm_icon\" alt=\"Icon\"   src=\"http:\/\/sefa.co.nz\/wp-content\/plugins\/download-manager\/assets\/file-type-icons\/pdf.svg\" \/><\/div>\n            <div class=\"media-body\">\n                <h3 class=\"package-title\"><a href='http:\/\/sefa.co.nz\/?wpdmpro=instream-habitat-guide-2'>Instream Habitat Guide<\/a><\/h3>\n                <div class=\"text-muted text-small\"><i class=\"fas fa-copy\"><\/i> 1 file(s) <i class=\"fas fa-hdd ml-3\"><\/i> 3.00 MB<\/div>\n            <\/div>\n            <div class=\"ml-3\">\n                <a class='wpdm-download-link download-on-click btn btn-primary ' rel='nofollow' href='#' data-downloadurl=\"http:\/\/sefa.co.nz\/?wpdmpro=instream-habitat-guide-2&wpdmdl=668&refresh=69f8b56152acc1777907041\">Download<\/a>\n            <\/div>\n        <\/div>\n    <\/div>\n<\/div>\n\n<\/div><div class='w3eden'><!-- WPDM Link Template: Default Template -->\n\n<div class=\"link-template-default card mb-2\">\n    <div class=\"card-body\">\n        <div class=\"media\">\n            <div class=\"mr-3 img-48\"><img decoding=\"async\" class=\"wpdm_icon\" alt=\"Icon\"   src=\"http:\/\/sefa.co.nz\/wp-content\/plugins\/download-manager\/assets\/file-type-icons\/pdf.svg\" \/><\/div>\n            <div class=\"media-body\">\n                <h3 class=\"package-title\"><a href='http:\/\/sefa.co.nz\/?wpdmpro=instream-habitat-primer'>Instream habitat primer<\/a><\/h3>\n                <div class=\"text-muted text-small\"><i class=\"fas fa-copy\"><\/i> 1 file(s) <i class=\"fas fa-hdd ml-3\"><\/i> 4.5 MB<\/div>\n            <\/div>\n            <div class=\"ml-3\">\n                <a class='wpdm-download-link download-on-click btn btn-primary ' rel='nofollow' href='#' data-downloadurl=\"http:\/\/sefa.co.nz\/?wpdmpro=instream-habitat-primer&wpdmdl=672&refresh=69f8b561540d01777907041\">Download<\/a>\n            <\/div>\n        <\/div>\n    <\/div>\n<\/div>\n\n<\/div>","protected":false},"excerpt":{"rendered":"<p>Varios cambios tecnol\u00f3gicos y generacionales recientes han llevado a la necesidad de aplicar mejores enfoques para la modelaci\u00f3n de h\u00e1bitats fluviales y estimaci\u00f3n de caudales ambientales o ecol\u00f3gicos con un enfoque m\u00e1s integral. La Metodolog\u00eda Incremental de Caudales Ambientales (Instream &hellip; <a href=\"http:\/\/sefa.co.nz\/?page_id=480&#038;lang=es\">Continue reading <span class=\"meta-nav\">&rarr;<\/span><\/a><\/p>\n","protected":false},"author":1,"featured_media":0,"parent":0,"menu_order":0,"comment_status":"closed","ping_status":"closed","template":"","meta":{"footnotes":""},"_links":{"self":[{"href":"http:\/\/sefa.co.nz\/index.php?rest_route=\/wp\/v2\/pages\/480"}],"collection":[{"href":"http:\/\/sefa.co.nz\/index.php?rest_route=\/wp\/v2\/pages"}],"about":[{"href":"http:\/\/sefa.co.nz\/index.php?rest_route=\/wp\/v2\/types\/page"}],"author":[{"embeddable":true,"href":"http:\/\/sefa.co.nz\/index.php?rest_route=\/wp\/v2\/users\/1"}],"replies":[{"embeddable":true,"href":"http:\/\/sefa.co.nz\/index.php?rest_route=%2Fwp%2Fv2%2Fcomments&post=480"}],"version-history":[{"count":11,"href":"http:\/\/sefa.co.nz\/index.php?rest_route=\/wp\/v2\/pages\/480\/revisions"}],"predecessor-version":[{"id":676,"href":"http:\/\/sefa.co.nz\/index.php?rest_route=\/wp\/v2\/pages\/480\/revisions\/676"}],"wp:attachment":[{"href":"http:\/\/sefa.co.nz\/index.php?rest_route=%2Fwp%2Fv2%2Fmedia&parent=480"}],"curies":[{"name":"wp","href":"https:\/\/api.w.org\/{rel}","templated":true}]}}